{"id":83,"date":"2023-03-30T10:52:21","date_gmt":"2023-03-30T08:52:21","guid":{"rendered":"https:\/\/ptswaidhofen-thaya.ac.at\/?page_id=83"},"modified":"2023-05-22T07:54:31","modified_gmt":"2023-05-22T05:54:31","slug":"gesundheit-schoenheit-soziales","status":"publish","type":"page","link":"https:\/\/ptswaidhofen-thaya.ac.at\/index.php\/gesundheit-schoenheit-soziales\/","title":{"rendered":"Gesundheit, Sch\u00f6nheit &#038; Soziales"},"content":{"rendered":"\n<p>Die Stundentafel f\u00fcr den Fachbereich Gesundheit, Sch\u00f6nheit und Solziales setzt sich wie folgt zusammen\u2026<\/p>\n\n\n\n<figure class=\"wp-block-table\"><table><tbody><tr><td><strong>Unterrichtsgegenstand<\/strong><\/td><td><strong>Stundenanzahl<\/strong><\/td><\/tr><tr><td>Informatik<\/td><td>2<\/td><\/tr><tr><td>Betriebswirtschaftliche Grundlagen<\/td><td>1<\/td><\/tr><tr><td>Buchf\u00fchrung und Wirtschaftsrechnen<\/td><td>2<\/td><\/tr><tr><td>Fachkunde<\/td><td>3<\/td><\/tr><tr><td>Fachpraxis<\/td><td>4<\/td><\/tr><\/tbody><\/table><\/figure>\n\n\n\n<p>Folgende Berufe z\u00e4hlen zum Fachbereich Kreativit\u00e4t und Wellness:<\/p>\n\n\n\n<figure class=\"wp-block-table\"><table><tbody><tr><td>BandagistIn<br>BlumenbinderIn und Blumenh\u00e4ndlerIn<br>BuchbinderIn<br>DamenkleidermacherIn<br>FotografIn<br>Friedhofs- und Zierg\u00e4rtnerin<br>FriseurIn und Per\u00fcckenmacherIn (StylistIn)<br>Fu\u00dfpflegerIn<br>GlasmalerIn<br>Gold- und SilberschmiedIn und JuwelierIn<br>HerrenkleidermacherIn<br>KeramikerIn<br>KosmetikerIn<br>K\u00fcrschnerIn<br>Landschaftsg\u00e4rtnerIn<br>MasseurIn<\/td><td>ModistIn<br>Molkereifachmann\/frau<br>Orthop\u00e4dieschuhmacherIn<br>PorzellanmalerIn<br>Pr\u00e4paratorInSattlerIn und RiemerInSch\u00f6nheitspflegerIn (KosmetikerIn)<br>SchuhmacherIn<br>StrickwarenerzeugerIn<br>TextilmusterzeichnerIn<br>TextilveredlerIn<br>TierpflegerIn<br>VergolderIn und StaffiererIn<br>W\u00e4schewarenerzeugerIn<br>WeberIn<\/td><\/tr><\/tbody><\/table><\/figure>\n\n\n\n<figure class=\"wp-block-gallery has-nested-images columns-default wp-block-gallery-1 is-layout-flex wp-block-gallery-is-layout-flex\">\n<figure class=\"wp-block-image size-large\"><img loading=\"lazy\" decoding=\"async\" width=\"1024\" height=\"576\" data-id=\"585\" src=\"https:\/\/ptswaidhofen-thaya.ac.at\/wp-content\/uploads\/2023\/03\/20161222_123455-1024x576.jpg\" alt=\"\" class=\"wp-image-585\" srcset=\"https:\/\/ptswaidhofen-thaya.ac.at\/wp-content\/uploads\/2023\/03\/20161222_123455-1024x576.jpg 1024w, https:\/\/ptswaidhofen-thaya.ac.at\/wp-content\/uploads\/2023\/03\/20161222_123455-300x169.jpg 300w, https:\/\/ptswaidhofen-thaya.ac.at\/wp-content\/uploads\/2023\/03\/20161222_123455-768x432.jpg 768w, https:\/\/ptswaidhofen-thaya.ac.at\/wp-content\/uploads\/2023\/03\/20161222_123455-1536x864.jpg 1536w, https:\/\/ptswaidhofen-thaya.ac.at\/wp-content\/uploads\/2023\/03\/20161222_123455-2048x1152.jpg 2048w, https:\/\/ptswaidhofen-thaya.ac.at\/wp-content\/uploads\/2023\/03\/20161222_123455-600x338.jpg 600w, https:\/\/ptswaidhofen-thaya.ac.at\/wp-content\/uploads\/2023\/03\/20161222_123455-945x532.jpg 945w\" sizes=\"auto, (max-width: 1024px) 100vw, 1024px\" \/><\/figure>\n\n\n\n<figure class=\"wp-block-image size-large\"><img loading=\"lazy\" decoding=\"async\" width=\"1024\" height=\"768\" data-id=\"583\" src=\"https:\/\/ptswaidhofen-thaya.ac.at\/wp-content\/uploads\/2023\/03\/Gestecke-032-1024x768.jpg\" alt=\"\" class=\"wp-image-583\" srcset=\"https:\/\/ptswaidhofen-thaya.ac.at\/wp-content\/uploads\/2023\/03\/Gestecke-032-1024x768.jpg 1024w, https:\/\/ptswaidhofen-thaya.ac.at\/wp-content\/uploads\/2023\/03\/Gestecke-032-300x225.jpg 300w, https:\/\/ptswaidhofen-thaya.ac.at\/wp-content\/uploads\/2023\/03\/Gestecke-032-768x576.jpg 768w, https:\/\/ptswaidhofen-thaya.ac.at\/wp-content\/uploads\/2023\/03\/Gestecke-032-1536x1152.jpg 1536w, https:\/\/ptswaidhofen-thaya.ac.at\/wp-content\/uploads\/2023\/03\/Gestecke-032-600x450.jpg 600w, https:\/\/ptswaidhofen-thaya.ac.at\/wp-content\/uploads\/2023\/03\/Gestecke-032-945x709.jpg 945w, https:\/\/ptswaidhofen-thaya.ac.at\/wp-content\/uploads\/2023\/03\/Gestecke-032.jpg 1600w\" sizes=\"auto, (max-width: 1024px) 100vw, 1024px\" \/><\/figure>\n\n\n\n<figure class=\"wp-block-image size-large\"><img loading=\"lazy\" decoding=\"async\" width=\"1024\" height=\"768\" data-id=\"580\" src=\"https:\/\/ptswaidhofen-thaya.ac.at\/wp-content\/uploads\/2023\/03\/SDC12216-1024x768.jpg\" alt=\"\" class=\"wp-image-580\" srcset=\"https:\/\/ptswaidhofen-thaya.ac.at\/wp-content\/uploads\/2023\/03\/SDC12216-1024x768.jpg 1024w, https:\/\/ptswaidhofen-thaya.ac.at\/wp-content\/uploads\/2023\/03\/SDC12216-300x225.jpg 300w, https:\/\/ptswaidhofen-thaya.ac.at\/wp-content\/uploads\/2023\/03\/SDC12216-768x576.jpg 768w, https:\/\/ptswaidhofen-thaya.ac.at\/wp-content\/uploads\/2023\/03\/SDC12216-1536x1152.jpg 1536w, https:\/\/ptswaidhofen-thaya.ac.at\/wp-content\/uploads\/2023\/03\/SDC12216-2048x1536.jpg 2048w, https:\/\/ptswaidhofen-thaya.ac.at\/wp-content\/uploads\/2023\/03\/SDC12216-600x450.jpg 600w, https:\/\/ptswaidhofen-thaya.ac.at\/wp-content\/uploads\/2023\/03\/SDC12216-945x709.jpg 945w\" sizes=\"auto, (max-width: 1024px) 100vw, 1024px\" \/><figcaption class=\"wp-element-caption\">SAMSUNG DIGITAL CAMERA<\/figcaption><\/figure>\n\n\n\n<figure class=\"wp-block-image size-large\"><img loading=\"lazy\" decoding=\"async\" width=\"768\" height=\"1024\" data-id=\"582\" src=\"https:\/\/ptswaidhofen-thaya.ac.at\/wp-content\/uploads\/2023\/03\/Gestecke-023-768x1024.jpg\" alt=\"\" class=\"wp-image-582\" srcset=\"https:\/\/ptswaidhofen-thaya.ac.at\/wp-content\/uploads\/2023\/03\/Gestecke-023-768x1024.jpg 768w, https:\/\/ptswaidhofen-thaya.ac.at\/wp-content\/uploads\/2023\/03\/Gestecke-023-225x300.jpg 225w, https:\/\/ptswaidhofen-thaya.ac.at\/wp-content\/uploads\/2023\/03\/Gestecke-023-1152x1536.jpg 1152w, https:\/\/ptswaidhofen-thaya.ac.at\/wp-content\/uploads\/2023\/03\/Gestecke-023-600x800.jpg 600w, https:\/\/ptswaidhofen-thaya.ac.at\/wp-content\/uploads\/2023\/03\/Gestecke-023-945x1260.jpg 945w, https:\/\/ptswaidhofen-thaya.ac.at\/wp-content\/uploads\/2023\/03\/Gestecke-023.jpg 1200w\" sizes=\"auto, (max-width: 768px) 100vw, 768px\" \/><\/figure>\n\n\n\n<figure class=\"wp-block-image size-large\"><img loading=\"lazy\" decoding=\"async\" width=\"576\" height=\"1024\" data-id=\"584\" src=\"https:\/\/ptswaidhofen-thaya.ac.at\/wp-content\/uploads\/2023\/03\/20161215_130416-576x1024.jpg\" alt=\"\" class=\"wp-image-584\" srcset=\"https:\/\/ptswaidhofen-thaya.ac.at\/wp-content\/uploads\/2023\/03\/20161215_130416-576x1024.jpg 576w, https:\/\/ptswaidhofen-thaya.ac.at\/wp-content\/uploads\/2023\/03\/20161215_130416-169x300.jpg 169w, https:\/\/ptswaidhofen-thaya.ac.at\/wp-content\/uploads\/2023\/03\/20161215_130416-768x1365.jpg 768w, https:\/\/ptswaidhofen-thaya.ac.at\/wp-content\/uploads\/2023\/03\/20161215_130416-864x1536.jpg 864w, https:\/\/ptswaidhofen-thaya.ac.at\/wp-content\/uploads\/2023\/03\/20161215_130416-1152x2048.jpg 1152w, https:\/\/ptswaidhofen-thaya.ac.at\/wp-content\/uploads\/2023\/03\/20161215_130416-600x1067.jpg 600w, https:\/\/ptswaidhofen-thaya.ac.at\/wp-content\/uploads\/2023\/03\/20161215_130416-945x1680.jpg 945w, https:\/\/ptswaidhofen-thaya.ac.at\/wp-content\/uploads\/2023\/03\/20161215_130416-scaled.jpg 1440w\" sizes=\"auto, (max-width: 576px) 100vw, 576px\" \/><\/figure>\n\n\n\n<figure class=\"wp-block-image size-large\"><img loading=\"lazy\" decoding=\"async\" width=\"768\" height=\"1024\" data-id=\"581\" src=\"https:\/\/ptswaidhofen-thaya.ac.at\/wp-content\/uploads\/2023\/03\/SDC12436-768x1024.jpg\" alt=\"\" class=\"wp-image-581\" srcset=\"https:\/\/ptswaidhofen-thaya.ac.at\/wp-content\/uploads\/2023\/03\/SDC12436-768x1024.jpg 768w, https:\/\/ptswaidhofen-thaya.ac.at\/wp-content\/uploads\/2023\/03\/SDC12436-225x300.jpg 225w, https:\/\/ptswaidhofen-thaya.ac.at\/wp-content\/uploads\/2023\/03\/SDC12436-1152x1536.jpg 1152w, https:\/\/ptswaidhofen-thaya.ac.at\/wp-content\/uploads\/2023\/03\/SDC12436-1536x2048.jpg 1536w, https:\/\/ptswaidhofen-thaya.ac.at\/wp-content\/uploads\/2023\/03\/SDC12436-600x800.jpg 600w, https:\/\/ptswaidhofen-thaya.ac.at\/wp-content\/uploads\/2023\/03\/SDC12436-945x1260.jpg 945w, https:\/\/ptswaidhofen-thaya.ac.at\/wp-content\/uploads\/2023\/03\/SDC12436-scaled.jpg 1920w\" sizes=\"auto, (max-width: 768px) 100vw, 768px\" \/><figcaption class=\"wp-element-caption\">SAMSUNG DIGITAL CAMERA<\/figcaption><\/figure>\n\n\n\n<figure class=\"wp-block-image size-large\"><img loading=\"lazy\" decoding=\"async\" width=\"768\" height=\"1024\" data-id=\"578\" src=\"https:\/\/ptswaidhofen-thaya.ac.at\/wp-content\/uploads\/2023\/03\/SDC12529-768x1024.jpg\" alt=\"\" class=\"wp-image-578\" srcset=\"https:\/\/ptswaidhofen-thaya.ac.at\/wp-content\/uploads\/2023\/03\/SDC12529-768x1024.jpg 768w, https:\/\/ptswaidhofen-thaya.ac.at\/wp-content\/uploads\/2023\/03\/SDC12529-225x300.jpg 225w, https:\/\/ptswaidhofen-thaya.ac.at\/wp-content\/uploads\/2023\/03\/SDC12529-1152x1536.jpg 1152w, https:\/\/ptswaidhofen-thaya.ac.at\/wp-content\/uploads\/2023\/03\/SDC12529-1536x2048.jpg 1536w, https:\/\/ptswaidhofen-thaya.ac.at\/wp-content\/uploads\/2023\/03\/SDC12529-600x800.jpg 600w, https:\/\/ptswaidhofen-thaya.ac.at\/wp-content\/uploads\/2023\/03\/SDC12529-945x1260.jpg 945w, https:\/\/ptswaidhofen-thaya.ac.at\/wp-content\/uploads\/2023\/03\/SDC12529-scaled.jpg 1920w\" sizes=\"auto, (max-width: 768px) 100vw, 768px\" \/><figcaption class=\"wp-element-caption\">SAMSUNG DIGITAL CAMERA<\/figcaption><\/figure>\n\n\n\n<figure class=\"wp-block-image size-large\"><img loading=\"lazy\" decoding=\"async\" width=\"768\" height=\"1024\" data-id=\"576\" src=\"https:\/\/ptswaidhofen-thaya.ac.at\/wp-content\/uploads\/2023\/03\/SDC12543-768x1024.jpg\" alt=\"\" class=\"wp-image-576\" srcset=\"https:\/\/ptswaidhofen-thaya.ac.at\/wp-content\/uploads\/2023\/03\/SDC12543-768x1024.jpg 768w, https:\/\/ptswaidhofen-thaya.ac.at\/wp-content\/uploads\/2023\/03\/SDC12543-225x300.jpg 225w, https:\/\/ptswaidhofen-thaya.ac.at\/wp-content\/uploads\/2023\/03\/SDC12543-1152x1536.jpg 1152w, https:\/\/ptswaidhofen-thaya.ac.at\/wp-content\/uploads\/2023\/03\/SDC12543-1536x2048.jpg 1536w, https:\/\/ptswaidhofen-thaya.ac.at\/wp-content\/uploads\/2023\/03\/SDC12543-600x800.jpg 600w, https:\/\/ptswaidhofen-thaya.ac.at\/wp-content\/uploads\/2023\/03\/SDC12543-945x1260.jpg 945w, https:\/\/ptswaidhofen-thaya.ac.at\/wp-content\/uploads\/2023\/03\/SDC12543-scaled.jpg 1920w\" sizes=\"auto, (max-width: 768px) 100vw, 768px\" \/><figcaption class=\"wp-element-caption\">SAMSUNG DIGITAL CAMERA<\/figcaption><\/figure>\n\n\n\n<figure class=\"wp-block-image size-large\"><img loading=\"lazy\" decoding=\"async\" width=\"768\" height=\"1024\" data-id=\"577\" src=\"https:\/\/ptswaidhofen-thaya.ac.at\/wp-content\/uploads\/2023\/03\/SDC12542-768x1024.jpg\" alt=\"\" class=\"wp-image-577\" srcset=\"https:\/\/ptswaidhofen-thaya.ac.at\/wp-content\/uploads\/2023\/03\/SDC12542-768x1024.jpg 768w, https:\/\/ptswaidhofen-thaya.ac.at\/wp-content\/uploads\/2023\/03\/SDC12542-225x300.jpg 225w, https:\/\/ptswaidhofen-thaya.ac.at\/wp-content\/uploads\/2023\/03\/SDC12542-1152x1536.jpg 1152w, https:\/\/ptswaidhofen-thaya.ac.at\/wp-content\/uploads\/2023\/03\/SDC12542-1536x2048.jpg 1536w, https:\/\/ptswaidhofen-thaya.ac.at\/wp-content\/uploads\/2023\/03\/SDC12542-600x800.jpg 600w, https:\/\/ptswaidhofen-thaya.ac.at\/wp-content\/uploads\/2023\/03\/SDC12542-945x1260.jpg 945w, https:\/\/ptswaidhofen-thaya.ac.at\/wp-content\/uploads\/2023\/03\/SDC12542-scaled.jpg 1920w\" sizes=\"auto, (max-width: 768px) 100vw, 768px\" \/><figcaption class=\"wp-element-caption\">SAMSUNG DIGITAL CAMERA<\/figcaption><\/figure>\n\n\n\n<figure class=\"wp-block-image size-large\"><img loading=\"lazy\" decoding=\"async\" width=\"1024\" height=\"768\" data-id=\"579\" src=\"https:\/\/ptswaidhofen-thaya.ac.at\/wp-content\/uploads\/2023\/03\/SDC12204-1024x768.jpg\" alt=\"\" class=\"wp-image-579\" srcset=\"https:\/\/ptswaidhofen-thaya.ac.at\/wp-content\/uploads\/2023\/03\/SDC12204-1024x768.jpg 1024w, https:\/\/ptswaidhofen-thaya.ac.at\/wp-content\/uploads\/2023\/03\/SDC12204-300x225.jpg 300w, https:\/\/ptswaidhofen-thaya.ac.at\/wp-content\/uploads\/2023\/03\/SDC12204-768x576.jpg 768w, https:\/\/ptswaidhofen-thaya.ac.at\/wp-content\/uploads\/2023\/03\/SDC12204-1536x1152.jpg 1536w, https:\/\/ptswaidhofen-thaya.ac.at\/wp-content\/uploads\/2023\/03\/SDC12204-2048x1536.jpg 2048w, https:\/\/ptswaidhofen-thaya.ac.at\/wp-content\/uploads\/2023\/03\/SDC12204-600x450.jpg 600w, https:\/\/ptswaidhofen-thaya.ac.at\/wp-content\/uploads\/2023\/03\/SDC12204-945x709.jpg 945w\" sizes=\"auto, (max-width: 1024px) 100vw, 1024px\" \/><figcaption class=\"wp-element-caption\">SAMSUNG DIGITAL CAMERA<\/figcaption><\/figure>\n\n\n\n<figure class=\"wp-block-image size-large\"><img loading=\"lazy\" decoding=\"async\" width=\"1024\" height=\"768\" data-id=\"575\" src=\"https:\/\/ptswaidhofen-thaya.ac.at\/wp-content\/uploads\/2023\/03\/SDC10132-1024x768.jpg\" alt=\"\" class=\"wp-image-575\" srcset=\"https:\/\/ptswaidhofen-thaya.ac.at\/wp-content\/uploads\/2023\/03\/SDC10132-1024x768.jpg 1024w, https:\/\/ptswaidhofen-thaya.ac.at\/wp-content\/uploads\/2023\/03\/SDC10132-300x225.jpg 300w, https:\/\/ptswaidhofen-thaya.ac.at\/wp-content\/uploads\/2023\/03\/SDC10132-768x576.jpg 768w, https:\/\/ptswaidhofen-thaya.ac.at\/wp-content\/uploads\/2023\/03\/SDC10132-1536x1152.jpg 1536w, https:\/\/ptswaidhofen-thaya.ac.at\/wp-content\/uploads\/2023\/03\/SDC10132-2048x1536.jpg 2048w, https:\/\/ptswaidhofen-thaya.ac.at\/wp-content\/uploads\/2023\/03\/SDC10132-600x450.jpg 600w, https:\/\/ptswaidhofen-thaya.ac.at\/wp-content\/uploads\/2023\/03\/SDC10132-945x709.jpg 945w\" sizes=\"auto, (max-width: 1024px) 100vw, 1024px\" \/><figcaption class=\"wp-element-caption\">SAMSUNG DIGITAL CAMERA<\/figcaption><\/figure>\n\n\n\n<figure class=\"wp-block-image size-large\"><img loading=\"lazy\" decoding=\"async\" width=\"1024\" height=\"768\" data-id=\"574\" src=\"https:\/\/ptswaidhofen-thaya.ac.at\/wp-content\/uploads\/2023\/03\/Adventkraenze-08-1024x768.jpg\" alt=\"\" class=\"wp-image-574\" srcset=\"https:\/\/ptswaidhofen-thaya.ac.at\/wp-content\/uploads\/2023\/03\/Adventkraenze-08-1024x768.jpg 1024w, https:\/\/ptswaidhofen-thaya.ac.at\/wp-content\/uploads\/2023\/03\/Adventkraenze-08-300x225.jpg 300w, https:\/\/ptswaidhofen-thaya.ac.at\/wp-content\/uploads\/2023\/03\/Adventkraenze-08-768x576.jpg 768w, https:\/\/ptswaidhofen-thaya.ac.at\/wp-content\/uploads\/2023\/03\/Adventkraenze-08-1536x1152.jpg 1536w, https:\/\/ptswaidhofen-thaya.ac.at\/wp-content\/uploads\/2023\/03\/Adventkraenze-08-600x450.jpg 600w, https:\/\/ptswaidhofen-thaya.ac.at\/wp-content\/uploads\/2023\/03\/Adventkraenze-08-945x709.jpg 945w, https:\/\/ptswaidhofen-thaya.ac.at\/wp-content\/uploads\/2023\/03\/Adventkraenze-08.jpg 1600w\" sizes=\"auto, (max-width: 1024px) 100vw, 1024px\" \/><\/figure>\n\n\n\n<figure class=\"wp-block-image size-large\"><img loading=\"lazy\" decoding=\"async\" width=\"1024\" height=\"768\" data-id=\"573\" src=\"https:\/\/ptswaidhofen-thaya.ac.at\/wp-content\/uploads\/2023\/03\/Adventkraenze-01-1024x768.jpg\" alt=\"\" class=\"wp-image-573\" srcset=\"https:\/\/ptswaidhofen-thaya.ac.at\/wp-content\/uploads\/2023\/03\/Adventkraenze-01-1024x768.jpg 1024w, https:\/\/ptswaidhofen-thaya.ac.at\/wp-content\/uploads\/2023\/03\/Adventkraenze-01-300x225.jpg 300w, https:\/\/ptswaidhofen-thaya.ac.at\/wp-content\/uploads\/2023\/03\/Adventkraenze-01-768x576.jpg 768w, https:\/\/ptswaidhofen-thaya.ac.at\/wp-content\/uploads\/2023\/03\/Adventkraenze-01-1536x1152.jpg 1536w, https:\/\/ptswaidhofen-thaya.ac.at\/wp-content\/uploads\/2023\/03\/Adventkraenze-01-600x450.jpg 600w, https:\/\/ptswaidhofen-thaya.ac.at\/wp-content\/uploads\/2023\/03\/Adventkraenze-01-945x709.jpg 945w, https:\/\/ptswaidhofen-thaya.ac.at\/wp-content\/uploads\/2023\/03\/Adventkraenze-01.jpg 1600w\" sizes=\"auto, (max-width: 1024px) 100vw, 1024px\" \/><\/figure>\n<\/figure>\n","protected":false},"excerpt":{"rendered":"<p>Die Stundentafel f\u00fcr den Fachbereich Gesundheit, Sch\u00f6nheit und Solziales setzt sich wie folgt zusammen\u2026 Unterrichtsgegenstand Stundenanzahl Informatik 2 Betriebswirtschaftliche Grundlagen 1 Buchf\u00fchrung und Wirtschaftsrechnen 2 Fachkunde 3 Fachpraxis 4 Folgende Berufe z\u00e4hlen zum Fachbereich Kreativit\u00e4t und Wellness: BandagistInBlumenbinderIn und Blumenh\u00e4ndlerInBuchbinderInDamenkleidermacherInFotografInFriedhofs-&#8230; <a class=\"more-link\" href=\"https:\/\/ptswaidhofen-thaya.ac.at\/index.php\/gesundheit-schoenheit-soziales\/\">Weiterlesen &rarr;<\/a><\/p>\n","protected":false},"author":1,"featured_media":0,"parent":0,"menu_order":0,"comment_status":"closed","ping_status":"closed","template":"template-fullwidth.php","meta":{"footnotes":""},"class_list":["post-83","page","type-page","status-publish","hentry"],"_links":{"self":[{"href":"https:\/\/ptswaidhofen-thaya.ac.at\/index.php\/wp-json\/wp\/v2\/pages\/83","targetHints":{"allow":["GET"]}}],"collection":[{"href":"https:\/\/ptswaidhofen-thaya.ac.at\/index.php\/wp-json\/wp\/v2\/pages"}],"about":[{"href":"https:\/\/ptswaidhofen-thaya.ac.at\/index.php\/wp-json\/wp\/v2\/types\/page"}],"author":[{"embeddable":true,"href":"https:\/\/ptswaidhofen-thaya.ac.at\/index.php\/wp-json\/wp\/v2\/users\/1"}],"replies":[{"embeddable":true,"href":"https:\/\/ptswaidhofen-thaya.ac.at\/index.php\/wp-json\/wp\/v2\/comments?post=83"}],"version-history":[{"count":6,"href":"https:\/\/ptswaidhofen-thaya.ac.at\/index.php\/wp-json\/wp\/v2\/pages\/83\/revisions"}],"predecessor-version":[{"id":1308,"href":"https:\/\/ptswaidhofen-thaya.ac.at\/index.php\/wp-json\/wp\/v2\/pages\/83\/revisions\/1308"}],"wp:attachment":[{"href":"https:\/\/ptswaidhofen-thaya.ac.at\/index.php\/wp-json\/wp\/v2\/media?parent=83"}],"curies":[{"name":"wp","href":"https:\/\/api.w.org\/{rel}","templated":true}]}}