{"id":74,"date":"2023-03-30T10:41:42","date_gmt":"2023-03-30T08:41:42","guid":{"rendered":"https:\/\/ptswaidhofen-thaya.ac.at\/?page_id=74"},"modified":"2023-05-22T07:41:54","modified_gmt":"2023-05-22T05:41:54","slug":"metall","status":"publish","type":"page","link":"https:\/\/ptswaidhofen-thaya.ac.at\/index.php\/metall\/","title":{"rendered":"Metall"},"content":{"rendered":"\n<p>Die Stundentafel f\u00fcr den Fachbereich Metall setzt sich wie folgt zusammen\u2026<\/p>\n\n\n\n<figure class=\"wp-block-table\"><table><tbody><tr><td><strong>Unterrichtsgegenstand<\/strong><\/td><td><strong>Stundenanzahl<\/strong><\/td><\/tr><tr><td>Informatik<\/td><td>1<\/td><\/tr><tr><td>Technisches Zeichnen<\/td><td>2<\/td><\/tr><tr><td>Naturwissenschaftliche Grundlagen<\/td><td>2<\/td><\/tr><tr><td>Fachkunde<\/td><td>1<\/td><\/tr><tr><td>Fachpraxis<\/td><td>6<\/td><\/tr><\/tbody><\/table><\/figure>\n\n\n\n<p>Folgende Berufe z\u00e4hlen zum Fachbereich Metall:<\/p>\n\n\n\n<figure class=\"wp-block-table\"><table><tbody><tr><td>AnlagenmonteurIn<br>BauschlosserIn<br>BerufskraftfahrerIn<br>BetriebsschlosserIn<br>BlechblasinstrumentenerzeugerIn<br>BlechschlosserInB\u00fcchsenmacherIn<br>DreherInFahrzeugfertigerIn<br>FeinmechanikerIn<br>FormerIn und Gie\u00dferIn<br>Gas- und WasserleitungsinstallateurIn<br>Gie\u00dfereimechanikerIn<br>K\u00e4lteanlagentechnikerIn<br>KarosseurIn<br>KraftfahrzeugmechanikerIn<br>LandmaschinenmechanikerIn<br>LuftfahrzeugmechanikerIn<br>MaschinenmechanikerIn<br>MaschinenschlosserIn<br>MechanikerIn<br>MetallschleiferIn und GraveurIn<\/td><td>ModellschlosserIn<br>Orthop\u00e4diemechanikerIn<br>PapiertechnikerIn<br>RohrleitungsmonteurIn<br>Recycling- und EntsorgungstechnikerIn<br>Sanit\u00e4r- und KlimatechnikerIn (GW Installation)<br>Sanit\u00e4r- und KlimatechnikerIn (Heizungsinstallation)<br>SchlosserIn<br>SchmiedIn<br>SpenglerIn<br>StahlbauschlosserIn<br>TextilmechanikerIn<br>Universalschwei\u00dferIn<br>VerpackungsmittelmechanikerIn<br>WaagenherstellerIn<br>WasserleitungsinstallateurIn<br>Werkstoffpr\u00fcferinWerkzeugmacherIn<br>WerkzeugmaschineurIn<br>WerkzeugmechanikerIn<br>ZentralheizungsbauerIn<\/td><\/tr><\/tbody><\/table><\/figure>\n\n\n\n<figure class=\"wp-block-gallery has-nested-images columns-default wp-block-gallery-1 is-layout-flex wp-block-gallery-is-layout-flex\">\n<figure class=\"wp-block-image size-large\"><img loading=\"lazy\" decoding=\"async\" width=\"1024\" height=\"256\" data-id=\"628\" src=\"https:\/\/ptswaidhofen-thaya.ac.at\/wp-content\/uploads\/2023\/03\/Flaschenoeffner-112-1024x256.jpg\" alt=\"\" class=\"wp-image-628\" srcset=\"https:\/\/ptswaidhofen-thaya.ac.at\/wp-content\/uploads\/2023\/03\/Flaschenoeffner-112-1024x256.jpg 1024w, https:\/\/ptswaidhofen-thaya.ac.at\/wp-content\/uploads\/2023\/03\/Flaschenoeffner-112-300x75.jpg 300w, https:\/\/ptswaidhofen-thaya.ac.at\/wp-content\/uploads\/2023\/03\/Flaschenoeffner-112-768x192.jpg 768w, https:\/\/ptswaidhofen-thaya.ac.at\/wp-content\/uploads\/2023\/03\/Flaschenoeffner-112-1536x385.jpg 1536w, https:\/\/ptswaidhofen-thaya.ac.at\/wp-content\/uploads\/2023\/03\/Flaschenoeffner-112-600x150.jpg 600w, https:\/\/ptswaidhofen-thaya.ac.at\/wp-content\/uploads\/2023\/03\/Flaschenoeffner-112-945x237.jpg 945w, https:\/\/ptswaidhofen-thaya.ac.at\/wp-content\/uploads\/2023\/03\/Flaschenoeffner-112.jpg 1977w\" sizes=\"auto, (max-width: 1024px) 100vw, 1024px\" \/><\/figure>\n\n\n\n<figure class=\"wp-block-image size-large\"><img loading=\"lazy\" decoding=\"async\" width=\"1024\" height=\"768\" data-id=\"613\" src=\"https:\/\/ptswaidhofen-thaya.ac.at\/wp-content\/uploads\/2023\/03\/DSCN6378-1024x768.jpg\" alt=\"\" class=\"wp-image-613\" srcset=\"https:\/\/ptswaidhofen-thaya.ac.at\/wp-content\/uploads\/2023\/03\/DSCN6378-1024x768.jpg 1024w, https:\/\/ptswaidhofen-thaya.ac.at\/wp-content\/uploads\/2023\/03\/DSCN6378-300x225.jpg 300w, https:\/\/ptswaidhofen-thaya.ac.at\/wp-content\/uploads\/2023\/03\/DSCN6378-768x576.jpg 768w, https:\/\/ptswaidhofen-thaya.ac.at\/wp-content\/uploads\/2023\/03\/DSCN6378-1536x1152.jpg 1536w, https:\/\/ptswaidhofen-thaya.ac.at\/wp-content\/uploads\/2023\/03\/DSCN6378-2048x1536.jpg 2048w, https:\/\/ptswaidhofen-thaya.ac.at\/wp-content\/uploads\/2023\/03\/DSCN6378-600x450.jpg 600w, https:\/\/ptswaidhofen-thaya.ac.at\/wp-content\/uploads\/2023\/03\/DSCN6378-945x709.jpg 945w\" sizes=\"auto, (max-width: 1024px) 100vw, 1024px\" \/><\/figure>\n\n\n\n<figure class=\"wp-block-image size-large\"><img loading=\"lazy\" decoding=\"async\" width=\"1024\" height=\"294\" data-id=\"627\" src=\"https:\/\/ptswaidhofen-thaya.ac.at\/wp-content\/uploads\/2023\/03\/Flaschenoeffner-218-1024x294.jpg\" alt=\"\" class=\"wp-image-627\" srcset=\"https:\/\/ptswaidhofen-thaya.ac.at\/wp-content\/uploads\/2023\/03\/Flaschenoeffner-218-1024x294.jpg 1024w, https:\/\/ptswaidhofen-thaya.ac.at\/wp-content\/uploads\/2023\/03\/Flaschenoeffner-218-300x86.jpg 300w, https:\/\/ptswaidhofen-thaya.ac.at\/wp-content\/uploads\/2023\/03\/Flaschenoeffner-218-768x221.jpg 768w, https:\/\/ptswaidhofen-thaya.ac.at\/wp-content\/uploads\/2023\/03\/Flaschenoeffner-218-1536x441.jpg 1536w, https:\/\/ptswaidhofen-thaya.ac.at\/wp-content\/uploads\/2023\/03\/Flaschenoeffner-218-2048x588.jpg 2048w, https:\/\/ptswaidhofen-thaya.ac.at\/wp-content\/uploads\/2023\/03\/Flaschenoeffner-218-600x172.jpg 600w, https:\/\/ptswaidhofen-thaya.ac.at\/wp-content\/uploads\/2023\/03\/Flaschenoeffner-218-945x271.jpg 945w\" sizes=\"auto, (max-width: 1024px) 100vw, 1024px\" \/><\/figure>\n\n\n\n<figure class=\"wp-block-image size-large\"><img loading=\"lazy\" decoding=\"async\" width=\"1024\" height=\"683\" data-id=\"626\" src=\"https:\/\/ptswaidhofen-thaya.ac.at\/wp-content\/uploads\/2023\/03\/P1190460-1024x683.jpg\" alt=\"\" class=\"wp-image-626\" srcset=\"https:\/\/ptswaidhofen-thaya.ac.at\/wp-content\/uploads\/2023\/03\/P1190460-1024x683.jpg 1024w, https:\/\/ptswaidhofen-thaya.ac.at\/wp-content\/uploads\/2023\/03\/P1190460-300x200.jpg 300w, https:\/\/ptswaidhofen-thaya.ac.at\/wp-content\/uploads\/2023\/03\/P1190460-768x512.jpg 768w, https:\/\/ptswaidhofen-thaya.ac.at\/wp-content\/uploads\/2023\/03\/P1190460-1536x1024.jpg 1536w, https:\/\/ptswaidhofen-thaya.ac.at\/wp-content\/uploads\/2023\/03\/P1190460-2048x1365.jpg 2048w, https:\/\/ptswaidhofen-thaya.ac.at\/wp-content\/uploads\/2023\/03\/P1190460-600x400.jpg 600w, https:\/\/ptswaidhofen-thaya.ac.at\/wp-content\/uploads\/2023\/03\/P1190460-945x630.jpg 945w\" sizes=\"auto, (max-width: 1024px) 100vw, 1024px\" \/><\/figure>\n\n\n\n<figure class=\"wp-block-image size-large\"><img loading=\"lazy\" decoding=\"async\" width=\"1024\" height=\"768\" data-id=\"625\" src=\"https:\/\/ptswaidhofen-thaya.ac.at\/wp-content\/uploads\/2023\/03\/DSCN6374-1024x768.jpg\" alt=\"\" class=\"wp-image-625\" srcset=\"https:\/\/ptswaidhofen-thaya.ac.at\/wp-content\/uploads\/2023\/03\/DSCN6374-1024x768.jpg 1024w, https:\/\/ptswaidhofen-thaya.ac.at\/wp-content\/uploads\/2023\/03\/DSCN6374-300x225.jpg 300w, https:\/\/ptswaidhofen-thaya.ac.at\/wp-content\/uploads\/2023\/03\/DSCN6374-768x576.jpg 768w, https:\/\/ptswaidhofen-thaya.ac.at\/wp-content\/uploads\/2023\/03\/DSCN6374-1536x1152.jpg 1536w, https:\/\/ptswaidhofen-thaya.ac.at\/wp-content\/uploads\/2023\/03\/DSCN6374-2048x1536.jpg 2048w, https:\/\/ptswaidhofen-thaya.ac.at\/wp-content\/uploads\/2023\/03\/DSCN6374-600x450.jpg 600w, https:\/\/ptswaidhofen-thaya.ac.at\/wp-content\/uploads\/2023\/03\/DSCN6374-945x709.jpg 945w\" sizes=\"auto, (max-width: 1024px) 100vw, 1024px\" \/><\/figure>\n\n\n\n<figure class=\"wp-block-image size-large\"><img loading=\"lazy\" decoding=\"async\" width=\"1024\" height=\"683\" data-id=\"623\" src=\"https:\/\/ptswaidhofen-thaya.ac.at\/wp-content\/uploads\/2023\/03\/P1090784-1024x683.jpg\" alt=\"\" class=\"wp-image-623\" srcset=\"https:\/\/ptswaidhofen-thaya.ac.at\/wp-content\/uploads\/2023\/03\/P1090784-1024x683.jpg 1024w, https:\/\/ptswaidhofen-thaya.ac.at\/wp-content\/uploads\/2023\/03\/P1090784-300x200.jpg 300w, https:\/\/ptswaidhofen-thaya.ac.at\/wp-content\/uploads\/2023\/03\/P1090784-768x512.jpg 768w, https:\/\/ptswaidhofen-thaya.ac.at\/wp-content\/uploads\/2023\/03\/P1090784-1536x1024.jpg 1536w, https:\/\/ptswaidhofen-thaya.ac.at\/wp-content\/uploads\/2023\/03\/P1090784-2048x1365.jpg 2048w, https:\/\/ptswaidhofen-thaya.ac.at\/wp-content\/uploads\/2023\/03\/P1090784-600x400.jpg 600w, https:\/\/ptswaidhofen-thaya.ac.at\/wp-content\/uploads\/2023\/03\/P1090784-945x630.jpg 945w\" sizes=\"auto, (max-width: 1024px) 100vw, 1024px\" \/><\/figure>\n\n\n\n<figure class=\"wp-block-image size-large\"><img loading=\"lazy\" decoding=\"async\" width=\"1024\" height=\"768\" data-id=\"622\" src=\"https:\/\/ptswaidhofen-thaya.ac.at\/wp-content\/uploads\/2023\/03\/DSCN1125-1024x768.jpg\" alt=\"\" class=\"wp-image-622\" srcset=\"https:\/\/ptswaidhofen-thaya.ac.at\/wp-content\/uploads\/2023\/03\/DSCN1125-1024x768.jpg 1024w, https:\/\/ptswaidhofen-thaya.ac.at\/wp-content\/uploads\/2023\/03\/DSCN1125-300x225.jpg 300w, https:\/\/ptswaidhofen-thaya.ac.at\/wp-content\/uploads\/2023\/03\/DSCN1125-768x576.jpg 768w, https:\/\/ptswaidhofen-thaya.ac.at\/wp-content\/uploads\/2023\/03\/DSCN1125-1536x1152.jpg 1536w, https:\/\/ptswaidhofen-thaya.ac.at\/wp-content\/uploads\/2023\/03\/DSCN1125-2048x1536.jpg 2048w, https:\/\/ptswaidhofen-thaya.ac.at\/wp-content\/uploads\/2023\/03\/DSCN1125-600x450.jpg 600w, https:\/\/ptswaidhofen-thaya.ac.at\/wp-content\/uploads\/2023\/03\/DSCN1125-945x709.jpg 945w\" sizes=\"auto, (max-width: 1024px) 100vw, 1024px\" \/><\/figure>\n\n\n\n<figure class=\"wp-block-image size-large\"><img loading=\"lazy\" decoding=\"async\" width=\"1024\" height=\"684\" data-id=\"621\" src=\"https:\/\/ptswaidhofen-thaya.ac.at\/wp-content\/uploads\/2023\/03\/Muehlebrett-05-1024x684.jpg\" alt=\"\" class=\"wp-image-621\" srcset=\"https:\/\/ptswaidhofen-thaya.ac.at\/wp-content\/uploads\/2023\/03\/Muehlebrett-05-1024x684.jpg 1024w, https:\/\/ptswaidhofen-thaya.ac.at\/wp-content\/uploads\/2023\/03\/Muehlebrett-05-300x200.jpg 300w, https:\/\/ptswaidhofen-thaya.ac.at\/wp-content\/uploads\/2023\/03\/Muehlebrett-05-768x513.jpg 768w, https:\/\/ptswaidhofen-thaya.ac.at\/wp-content\/uploads\/2023\/03\/Muehlebrett-05-1536x1025.jpg 1536w, https:\/\/ptswaidhofen-thaya.ac.at\/wp-content\/uploads\/2023\/03\/Muehlebrett-05-2048x1367.jpg 2048w, https:\/\/ptswaidhofen-thaya.ac.at\/wp-content\/uploads\/2023\/03\/Muehlebrett-05-600x401.jpg 600w, https:\/\/ptswaidhofen-thaya.ac.at\/wp-content\/uploads\/2023\/03\/Muehlebrett-05-945x631.jpg 945w\" sizes=\"auto, (max-width: 1024px) 100vw, 1024px\" \/><\/figure>\n\n\n\n<figure class=\"wp-block-image size-large\"><img loading=\"lazy\" decoding=\"async\" width=\"1024\" height=\"801\" data-id=\"620\" src=\"https:\/\/ptswaidhofen-thaya.ac.at\/wp-content\/uploads\/2023\/03\/Muehlebrett-01-1024x801.jpg\" alt=\"\" class=\"wp-image-620\" srcset=\"https:\/\/ptswaidhofen-thaya.ac.at\/wp-content\/uploads\/2023\/03\/Muehlebrett-01-1024x801.jpg 1024w, https:\/\/ptswaidhofen-thaya.ac.at\/wp-content\/uploads\/2023\/03\/Muehlebrett-01-300x235.jpg 300w, https:\/\/ptswaidhofen-thaya.ac.at\/wp-content\/uploads\/2023\/03\/Muehlebrett-01-768x601.jpg 768w, https:\/\/ptswaidhofen-thaya.ac.at\/wp-content\/uploads\/2023\/03\/Muehlebrett-01-1536x1202.jpg 1536w, https:\/\/ptswaidhofen-thaya.ac.at\/wp-content\/uploads\/2023\/03\/Muehlebrett-01-600x469.jpg 600w, https:\/\/ptswaidhofen-thaya.ac.at\/wp-content\/uploads\/2023\/03\/Muehlebrett-01-945x739.jpg 945w, https:\/\/ptswaidhofen-thaya.ac.at\/wp-content\/uploads\/2023\/03\/Muehlebrett-01.jpg 1975w\" sizes=\"auto, (max-width: 1024px) 100vw, 1024px\" \/><\/figure>\n\n\n\n<figure class=\"wp-block-image size-large\"><img loading=\"lazy\" decoding=\"async\" width=\"684\" height=\"1024\" data-id=\"624\" src=\"https:\/\/ptswaidhofen-thaya.ac.at\/wp-content\/uploads\/2023\/03\/Thermometerhalter-01-684x1024.jpg\" alt=\"\" class=\"wp-image-624\" srcset=\"https:\/\/ptswaidhofen-thaya.ac.at\/wp-content\/uploads\/2023\/03\/Thermometerhalter-01-684x1024.jpg 684w, https:\/\/ptswaidhofen-thaya.ac.at\/wp-content\/uploads\/2023\/03\/Thermometerhalter-01-200x300.jpg 200w, https:\/\/ptswaidhofen-thaya.ac.at\/wp-content\/uploads\/2023\/03\/Thermometerhalter-01-768x1150.jpg 768w, https:\/\/ptswaidhofen-thaya.ac.at\/wp-content\/uploads\/2023\/03\/Thermometerhalter-01-1025x1536.jpg 1025w, https:\/\/ptswaidhofen-thaya.ac.at\/wp-content\/uploads\/2023\/03\/Thermometerhalter-01-1367x2048.jpg 1367w, https:\/\/ptswaidhofen-thaya.ac.at\/wp-content\/uploads\/2023\/03\/Thermometerhalter-01-600x899.jpg 600w, https:\/\/ptswaidhofen-thaya.ac.at\/wp-content\/uploads\/2023\/03\/Thermometerhalter-01-945x1415.jpg 945w, https:\/\/ptswaidhofen-thaya.ac.at\/wp-content\/uploads\/2023\/03\/Thermometerhalter-01-scaled.jpg 1709w\" sizes=\"auto, (max-width: 684px) 100vw, 684px\" \/><\/figure>\n\n\n\n<figure class=\"wp-block-image size-large\"><img loading=\"lazy\" decoding=\"async\" width=\"640\" height=\"960\" data-id=\"619\" src=\"https:\/\/ptswaidhofen-thaya.ac.at\/wp-content\/uploads\/2023\/03\/Nussknacker1.jpg\" alt=\"\" class=\"wp-image-619\" srcset=\"https:\/\/ptswaidhofen-thaya.ac.at\/wp-content\/uploads\/2023\/03\/Nussknacker1.jpg 640w, https:\/\/ptswaidhofen-thaya.ac.at\/wp-content\/uploads\/2023\/03\/Nussknacker1-200x300.jpg 200w, https:\/\/ptswaidhofen-thaya.ac.at\/wp-content\/uploads\/2023\/03\/Nussknacker1-600x900.jpg 600w\" sizes=\"auto, (max-width: 640px) 100vw, 640px\" \/><\/figure>\n\n\n\n<figure class=\"wp-block-image size-large\"><img loading=\"lazy\" decoding=\"async\" width=\"749\" height=\"1024\" data-id=\"616\" src=\"https:\/\/ptswaidhofen-thaya.ac.at\/wp-content\/uploads\/2023\/03\/DSCN5376-749x1024.jpg\" alt=\"\" class=\"wp-image-616\" srcset=\"https:\/\/ptswaidhofen-thaya.ac.at\/wp-content\/uploads\/2023\/03\/DSCN5376-749x1024.jpg 749w, https:\/\/ptswaidhofen-thaya.ac.at\/wp-content\/uploads\/2023\/03\/DSCN5376-220x300.jpg 220w, https:\/\/ptswaidhofen-thaya.ac.at\/wp-content\/uploads\/2023\/03\/DSCN5376-768x1050.jpg 768w, https:\/\/ptswaidhofen-thaya.ac.at\/wp-content\/uploads\/2023\/03\/DSCN5376-1124x1536.jpg 1124w, https:\/\/ptswaidhofen-thaya.ac.at\/wp-content\/uploads\/2023\/03\/DSCN5376-1499x2048.jpg 1499w, https:\/\/ptswaidhofen-thaya.ac.at\/wp-content\/uploads\/2023\/03\/DSCN5376-600x820.jpg 600w, https:\/\/ptswaidhofen-thaya.ac.at\/wp-content\/uploads\/2023\/03\/DSCN5376-945x1291.jpg 945w, https:\/\/ptswaidhofen-thaya.ac.at\/wp-content\/uploads\/2023\/03\/DSCN5376-scaled.jpg 1873w\" sizes=\"auto, (max-width: 749px) 100vw, 749px\" \/><\/figure>\n\n\n\n<figure class=\"wp-block-image size-large\"><img loading=\"lazy\" decoding=\"async\" width=\"1024\" height=\"954\" data-id=\"618\" src=\"https:\/\/ptswaidhofen-thaya.ac.at\/wp-content\/uploads\/2023\/03\/Sparkflyer-07-1024x954.jpg\" alt=\"\" class=\"wp-image-618\" srcset=\"https:\/\/ptswaidhofen-thaya.ac.at\/wp-content\/uploads\/2023\/03\/Sparkflyer-07-1024x954.jpg 1024w, https:\/\/ptswaidhofen-thaya.ac.at\/wp-content\/uploads\/2023\/03\/Sparkflyer-07-300x280.jpg 300w, https:\/\/ptswaidhofen-thaya.ac.at\/wp-content\/uploads\/2023\/03\/Sparkflyer-07-768x716.jpg 768w, https:\/\/ptswaidhofen-thaya.ac.at\/wp-content\/uploads\/2023\/03\/Sparkflyer-07-1536x1431.jpg 1536w, https:\/\/ptswaidhofen-thaya.ac.at\/wp-content\/uploads\/2023\/03\/Sparkflyer-07-600x559.jpg 600w, https:\/\/ptswaidhofen-thaya.ac.at\/wp-content\/uploads\/2023\/03\/Sparkflyer-07-945x881.jpg 945w, https:\/\/ptswaidhofen-thaya.ac.at\/wp-content\/uploads\/2023\/03\/Sparkflyer-07.jpg 1597w\" sizes=\"auto, (max-width: 1024px) 100vw, 1024px\" \/><\/figure>\n\n\n\n<figure class=\"wp-block-image size-large\"><img loading=\"lazy\" decoding=\"async\" width=\"974\" height=\"1024\" data-id=\"617\" src=\"https:\/\/ptswaidhofen-thaya.ac.at\/wp-content\/uploads\/2023\/03\/P1150639-974x1024.jpg\" alt=\"\" class=\"wp-image-617\" srcset=\"https:\/\/ptswaidhofen-thaya.ac.at\/wp-content\/uploads\/2023\/03\/P1150639-974x1024.jpg 974w, https:\/\/ptswaidhofen-thaya.ac.at\/wp-content\/uploads\/2023\/03\/P1150639-285x300.jpg 285w, https:\/\/ptswaidhofen-thaya.ac.at\/wp-content\/uploads\/2023\/03\/P1150639-768x807.jpg 768w, https:\/\/ptswaidhofen-thaya.ac.at\/wp-content\/uploads\/2023\/03\/P1150639-1461x1536.jpg 1461w, https:\/\/ptswaidhofen-thaya.ac.at\/wp-content\/uploads\/2023\/03\/P1150639-1948x2048.jpg 1948w, https:\/\/ptswaidhofen-thaya.ac.at\/wp-content\/uploads\/2023\/03\/P1150639-600x631.jpg 600w, https:\/\/ptswaidhofen-thaya.ac.at\/wp-content\/uploads\/2023\/03\/P1150639-945x994.jpg 945w\" sizes=\"auto, (max-width: 974px) 100vw, 974px\" \/><\/figure>\n\n\n\n<figure class=\"wp-block-image size-large\"><img loading=\"lazy\" decoding=\"async\" width=\"1024\" height=\"683\" data-id=\"615\" src=\"https:\/\/ptswaidhofen-thaya.ac.at\/wp-content\/uploads\/2023\/03\/Probestueck-NEU-02-1024x683.jpg\" alt=\"\" class=\"wp-image-615\" srcset=\"https:\/\/ptswaidhofen-thaya.ac.at\/wp-content\/uploads\/2023\/03\/Probestueck-NEU-02-1024x683.jpg 1024w, https:\/\/ptswaidhofen-thaya.ac.at\/wp-content\/uploads\/2023\/03\/Probestueck-NEU-02-300x200.jpg 300w, https:\/\/ptswaidhofen-thaya.ac.at\/wp-content\/uploads\/2023\/03\/Probestueck-NEU-02-768x512.jpg 768w, https:\/\/ptswaidhofen-thaya.ac.at\/wp-content\/uploads\/2023\/03\/Probestueck-NEU-02-1536x1024.jpg 1536w, https:\/\/ptswaidhofen-thaya.ac.at\/wp-content\/uploads\/2023\/03\/Probestueck-NEU-02-2048x1365.jpg 2048w, https:\/\/ptswaidhofen-thaya.ac.at\/wp-content\/uploads\/2023\/03\/Probestueck-NEU-02-600x400.jpg 600w, https:\/\/ptswaidhofen-thaya.ac.at\/wp-content\/uploads\/2023\/03\/Probestueck-NEU-02-945x630.jpg 945w\" sizes=\"auto, (max-width: 1024px) 100vw, 1024px\" \/><\/figure>\n\n\n\n<figure class=\"wp-block-image size-large\"><img loading=\"lazy\" decoding=\"async\" width=\"1024\" height=\"768\" data-id=\"614\" src=\"https:\/\/ptswaidhofen-thaya.ac.at\/wp-content\/uploads\/2023\/03\/DSCN3089-1024x768.jpg\" alt=\"\" class=\"wp-image-614\" srcset=\"https:\/\/ptswaidhofen-thaya.ac.at\/wp-content\/uploads\/2023\/03\/DSCN3089-1024x768.jpg 1024w, https:\/\/ptswaidhofen-thaya.ac.at\/wp-content\/uploads\/2023\/03\/DSCN3089-300x225.jpg 300w, https:\/\/ptswaidhofen-thaya.ac.at\/wp-content\/uploads\/2023\/03\/DSCN3089-768x576.jpg 768w, https:\/\/ptswaidhofen-thaya.ac.at\/wp-content\/uploads\/2023\/03\/DSCN3089-1536x1152.jpg 1536w, https:\/\/ptswaidhofen-thaya.ac.at\/wp-content\/uploads\/2023\/03\/DSCN3089-2048x1536.jpg 2048w, https:\/\/ptswaidhofen-thaya.ac.at\/wp-content\/uploads\/2023\/03\/DSCN3089-600x450.jpg 600w, https:\/\/ptswaidhofen-thaya.ac.at\/wp-content\/uploads\/2023\/03\/DSCN3089-945x709.jpg 945w\" sizes=\"auto, (max-width: 1024px) 100vw, 1024px\" \/><\/figure>\n<\/figure>\n","protected":false},"excerpt":{"rendered":"<p>Die Stundentafel f\u00fcr den Fachbereich Metall setzt sich wie folgt zusammen\u2026 Unterrichtsgegenstand Stundenanzahl Informatik 1 Technisches Zeichnen 2 Naturwissenschaftliche Grundlagen 2 Fachkunde 1 Fachpraxis 6 Folgende Berufe z\u00e4hlen zum Fachbereich Metall: AnlagenmonteurInBauschlosserInBerufskraftfahrerInBetriebsschlosserInBlechblasinstrumentenerzeugerInBlechschlosserInB\u00fcchsenmacherInDreherInFahrzeugfertigerInFeinmechanikerInFormerIn und Gie\u00dferInGas- und WasserleitungsinstallateurInGie\u00dfereimechanikerInK\u00e4lteanlagentechnikerInKarosseurInKraftfahrzeugmechanikerInLandmaschinenmechanikerInLuftfahrzeugmechanikerInMaschinenmechanikerInMaschinenschlosserInMechanikerInMetallschleiferIn und GraveurIn ModellschlosserInOrthop\u00e4diemechanikerInPapiertechnikerInRohrleitungsmonteurInRecycling- und&#8230; <a class=\"more-link\" href=\"https:\/\/ptswaidhofen-thaya.ac.at\/index.php\/metall\/\">Weiterlesen &rarr;<\/a><\/p>\n","protected":false},"author":1,"featured_media":0,"parent":0,"menu_order":0,"comment_status":"closed","ping_status":"closed","template":"template-fullwidth.php","meta":{"footnotes":""},"class_list":["post-74","page","type-page","status-publish","hentry"],"_links":{"self":[{"href":"https:\/\/ptswaidhofen-thaya.ac.at\/index.php\/wp-json\/wp\/v2\/pages\/74","targetHints":{"allow":["GET"]}}],"collection":[{"href":"https:\/\/ptswaidhofen-thaya.ac.at\/index.php\/wp-json\/wp\/v2\/pages"}],"about":[{"href":"https:\/\/ptswaidhofen-thaya.ac.at\/index.php\/wp-json\/wp\/v2\/types\/page"}],"author":[{"embeddable":true,"href":"https:\/\/ptswaidhofen-thaya.ac.at\/index.php\/wp-json\/wp\/v2\/users\/1"}],"replies":[{"embeddable":true,"href":"https:\/\/ptswaidhofen-thaya.ac.at\/index.php\/wp-json\/wp\/v2\/comments?post=74"}],"version-history":[{"count":4,"href":"https:\/\/ptswaidhofen-thaya.ac.at\/index.php\/wp-json\/wp\/v2\/pages\/74\/revisions"}],"predecessor-version":[{"id":1300,"href":"https:\/\/ptswaidhofen-thaya.ac.at\/index.php\/wp-json\/wp\/v2\/pages\/74\/revisions\/1300"}],"wp:attachment":[{"href":"https:\/\/ptswaidhofen-thaya.ac.at\/index.php\/wp-json\/wp\/v2\/media?parent=74"}],"curies":[{"name":"wp","href":"https:\/\/api.w.org\/{rel}","templated":true}]}}