{"id":730,"date":"2023-04-17T09:36:21","date_gmt":"2023-04-17T07:36:21","guid":{"rendered":"https:\/\/ptswaidhofen-thaya.ac.at\/?page_id=730"},"modified":"2023-04-17T09:47:38","modified_gmt":"2023-04-17T07:47:38","slug":"ecdl","status":"publish","type":"page","link":"https:\/\/ptswaidhofen-thaya.ac.at\/index.php\/ecdl\/","title":{"rendered":"ECDL"},"content":{"rendered":"\n<p class=\"has-large-font-size\"><strong>DER EUROP\u00c4ISCHE COMPUTERF\u00dcHRERSCHEIN<\/strong><\/p>\n\n\n\n<p>Seit J\u00e4nner 2023 d\u00fcrfen wir uns offiziell zertifiziertes ECDL-Testcenter der \u00d6sterreichischen Computergesellschaft (OCG) nennen. Wir sind nun dazu autorisiert, an der PTS Waidhofen an der Thaya, Schulungen und Pr\u00fcfungen im Bereich der Schul- und Erwachsenenbildung vorzunehmen. Daf\u00fcr m\u00fcssen einige Auflagen erf\u00fcllt werden, wie z.B. die passende Ausr\u00fcstung, Pr\u00fcfungsr\u00e4umlichkeiten sowie regelm\u00e4\u00dfig von der OCG geschultes Personal.<\/p>\n\n\n\n<p>Bei uns an der Schule werden bevorzugt Pr\u00fcfungen f\u00fcr das ECDL Zertifikat Base angeboten. Nat\u00fcrlich ist es auch m\u00f6glich, das Zertifikat Standard bei uns abzulegen. Unsere Sch\u00fclerinnen und Sch\u00fcler werden in den meisten Fachbereichen auf den ECDL Base vorbereitet.<\/p>\n\n\n\n<p><strong>ECDL Zertifikat Base<\/strong><\/p>\n\n\n\n<ul class=\"wp-block-list\">\n<li>Computer Grundlagen: Grundlagen der Informationstechnologie (IT) plus Dateimanagement und Computerbenutzung<\/li>\n\n\n\n<li>Online Grundlagen: Internetgrundlagen, E-Mail Verwendung<\/li>\n\n\n\n<li>Textverarbeitung: Textverarbeitung mit MS Word<\/li>\n\n\n\n<li>Tabellenkalkulation: Tabellenkalkulation mit MS Excel<\/li>\n<\/ul>\n\n\n\n<p><strong>Wahlmodule f\u00fcr den ECDL Stadard (3 m\u00fcssen gew\u00e4hlt werden):<\/strong><\/p>\n\n\n\n<ul class=\"wp-block-list\">\n<li>Pr\u00e4sentation: Pr\u00e4sentationssoftware MS Power Point<\/li>\n\n\n\n<li>IT-Security: Sicherheit und Gefahren im Internet<\/li>\n\n\n\n<li>Bildbearbeitung &#8211; Image Editing: Bildbearbeitung mit GIMP<\/li>\n\n\n\n<li>Online Zusammenarbeit: Erlangung von Kenntnissen und Fertigkeiten f\u00fcr die Einrichtung und Nutzung von Werkzeugen f\u00fcr die Online-Zusammenarbeit, wie z.B. Speichermedien, Office-Anwendungen, Kalender, soziale Medien, Online Lernplattformen, usw.<\/li>\n\n\n\n<li>Coding: Programmieren mit Python oder Scratch<\/li>\n\n\n\n<li>Datenbanken anwenden: Datenbank mit MS Access<\/li>\n<\/ul>\n\n\n\n<p><strong>Was ist der ECDL?<\/strong><\/p>\n\n\n\n<p>Der Europ\u00e4ische Computer F\u00fchrerschein\u2122 (European Computer Driving Licence &#8211; ECDL) ist ein in Europa standardisiertes Zertifikat \u00fcber die Kenntnisse und Fertigkeiten der Computeranwender. In \u00d6sterreich wird der ECDL von der \u00d6sterreichischen Computer Gesellschaft (OCG) ausgestellt.<\/p>\n\n\n\n<p>Die Europ\u00e4ische Union f\u00f6rdert die Entwicklung dieses Konzepts, das sich das ehrgeizige Ziel der Steigerung des Wissens und der computerspezifischen Fertigkeiten der Computeranwender gesetzt hat. Der Europ\u00e4ische Computer F\u00fchrerschein steigert die Kompetenz der Arbeitnehmer und ist eine wichtige Zusatzqualifikation bei der Arbeitssuche. Wirtschaftlich betrachtet wird dadurch auch die Wettbewerbsf\u00e4higkeit der Betriebe gesteigert.<\/p>\n\n\n\n<p><strong>Die Ziele des ECDL<\/strong><strong><\/strong><\/p>\n\n\n\n<ul class=\"wp-block-list\">\n<li>Die Kompetenz im Computerbereich f\u00fcr alle B\u00fcrger Europas zu verbessern, f\u00fcr Besch\u00e4ftigte wie f\u00fcr Arbeitsuchende, f\u00fcr Menschen zu Hause und f\u00fcr Studenten.<\/li>\n\n\n\n<li>Die Produktivit\u00e4t aller Arbeitnehmer, f\u00fcr die der Computer ein Bestandteil ihrer Arbeit ist, zu erh\u00f6hen.<\/li>\n\n\n\n<li>H\u00f6herer Nutzungsgrad der investierten Computertechnologie.<\/li>\n\n\n\n<li>Zu gew\u00e4hrleisten, dass alle Computeranwender den bestm\u00f6glichen Einsatz des Computers und die Vorteile der Computernutzung kennen.<\/li>\n<\/ul>\n\n\n\n<figure class=\"wp-block-image size-large\"><img loading=\"lazy\" decoding=\"async\" width=\"1024\" height=\"768\" src=\"https:\/\/ptswaidhofen-thaya.ac.at\/wp-content\/uploads\/2023\/04\/ECDL-1024x768.jpg\" alt=\"\" class=\"wp-image-734\" srcset=\"https:\/\/ptswaidhofen-thaya.ac.at\/wp-content\/uploads\/2023\/04\/ECDL-1024x768.jpg 1024w, https:\/\/ptswaidhofen-thaya.ac.at\/wp-content\/uploads\/2023\/04\/ECDL-300x225.jpg 300w, https:\/\/ptswaidhofen-thaya.ac.at\/wp-content\/uploads\/2023\/04\/ECDL-768x576.jpg 768w, https:\/\/ptswaidhofen-thaya.ac.at\/wp-content\/uploads\/2023\/04\/ECDL-1536x1152.jpg 1536w, https:\/\/ptswaidhofen-thaya.ac.at\/wp-content\/uploads\/2023\/04\/ECDL-2048x1536.jpg 2048w, https:\/\/ptswaidhofen-thaya.ac.at\/wp-content\/uploads\/2023\/04\/ECDL-600x450.jpg 600w, https:\/\/ptswaidhofen-thaya.ac.at\/wp-content\/uploads\/2023\/04\/ECDL-945x709.jpg 945w\" sizes=\"auto, (max-width: 1024px) 100vw, 1024px\" \/><\/figure>\n\n\n\n<p class=\"has-text-align-center\">\u00dcberreichung des Zertifikates als ECDL-Testcenter der \u00d6sterreichischen Computergesellschaft (OCG) mit Generalsekret\u00e4r der OCG Dr. Ronald Bieber<\/p>\n","protected":false},"excerpt":{"rendered":"<p>DER EUROP\u00c4ISCHE COMPUTERF\u00dcHRERSCHEIN Seit J\u00e4nner 2023 d\u00fcrfen wir uns offiziell zertifiziertes ECDL-Testcenter der \u00d6sterreichischen Computergesellschaft (OCG) nennen. Wir sind nun dazu autorisiert, an der PTS Waidhofen an der Thaya, Schulungen und Pr\u00fcfungen im Bereich der Schul- und Erwachsenenbildung vorzunehmen. Daf\u00fcr&#8230; <a class=\"more-link\" href=\"https:\/\/ptswaidhofen-thaya.ac.at\/index.php\/ecdl\/\">Weiterlesen &rarr;<\/a><\/p>\n","protected":false},"author":2,"featured_media":0,"parent":0,"menu_order":0,"comment_status":"closed","ping_status":"closed","template":"","meta":{"footnotes":""},"class_list":["post-730","page","type-page","status-publish","hentry"],"_links":{"self":[{"href":"https:\/\/ptswaidhofen-thaya.ac.at\/index.php\/wp-json\/wp\/v2\/pages\/730","targetHints":{"allow":["GET"]}}],"collection":[{"href":"https:\/\/ptswaidhofen-thaya.ac.at\/index.php\/wp-json\/wp\/v2\/pages"}],"about":[{"href":"https:\/\/ptswaidhofen-thaya.ac.at\/index.php\/wp-json\/wp\/v2\/types\/page"}],"author":[{"embeddable":true,"href":"https:\/\/ptswaidhofen-thaya.ac.at\/index.php\/wp-json\/wp\/v2\/users\/2"}],"replies":[{"embeddable":true,"href":"https:\/\/ptswaidhofen-thaya.ac.at\/index.php\/wp-json\/wp\/v2\/comments?post=730"}],"version-history":[{"count":4,"href":"https:\/\/ptswaidhofen-thaya.ac.at\/index.php\/wp-json\/wp\/v2\/pages\/730\/revisions"}],"predecessor-version":[{"id":736,"href":"https:\/\/ptswaidhofen-thaya.ac.at\/index.php\/wp-json\/wp\/v2\/pages\/730\/revisions\/736"}],"wp:attachment":[{"href":"https:\/\/ptswaidhofen-thaya.ac.at\/index.php\/wp-json\/wp\/v2\/media?parent=730"}],"curies":[{"name":"wp","href":"https:\/\/api.w.org\/{rel}","templated":true}]}}