{"id":57,"date":"2023-03-30T10:30:43","date_gmt":"2023-03-30T08:30:43","guid":{"rendered":"https:\/\/ptswaidhofen-thaya.ac.at\/?page_id=57"},"modified":"2023-03-30T19:09:54","modified_gmt":"2023-03-30T17:09:54","slug":"das-sind-wir","status":"publish","type":"page","link":"https:\/\/ptswaidhofen-thaya.ac.at\/index.php\/das-sind-wir\/","title":{"rendered":"Das sind wir"},"content":{"rendered":"\n<h2 class=\"wp-block-heading\">Die pts-Schule f\u00fcr Technik und Wirtschaft bietet den Sch\u00fclerInnen<\/h2>\n\n\n\n<p><strong>Vorbereitung auf den Einstieg in die Lehre<\/strong><\/p>\n\n\n\n<p>2 Wochen verpflichtende Berufspraxis<\/p>\n\n\n\n<p>1 Woche individuelle Berufspraxis<\/p>\n\n\n\n<p>Berufsspezifische Grundausbildung in den\u00a0Fachbereichen (16 Stunden\/Woche)<\/p>\n\n\n\n<p><strong>Vorbereitung auf die Berufsreifepr\u00fcfung<br><\/strong>Alle Unterrichtsf\u00e4cher orientieren sich an der Berufs- &amp;\u00a0Lebenspraxis<br>F\u00e4cher\u00fcbergreifender Unterricht in den\u00a0Fachbereichen<\/p>\n\n\n\n<p><strong>Vorbereitung auf den \u00dcbertritt in eine BMS oder BHS<br><\/strong>Ein eigener Fachbereich wird als Aufbaulehrgang gef\u00fchrt (Ausrichtung je nach Nachfrage technisch oder wirtschaftlich)&nbsp;<\/p>\n\n\n\n<p><strong>Zugang zu BMS und BHS OHNE Aufnahmepr\u00fcfung&nbsp;&nbsp;&nbsp;&nbsp;<\/strong><\/p>\n\n\n\n<p>SONDERREGELUNG f\u00fcr Handelsschule (\u00dcbertritt in die 2. Klasse ist m\u00f6glich)<\/p>\n\n\n\n<p><strong>Pflichtschulabschlusszeugnis nach einem Jahr<\/strong><\/p>\n","protected":false},"excerpt":{"rendered":"<p>Die pts-Schule f\u00fcr Technik und Wirtschaft bietet den Sch\u00fclerInnen Vorbereitung auf den Einstieg in die Lehre 2 Wochen verpflichtende Berufspraxis 1 Woche individuelle Berufspraxis Berufsspezifische Grundausbildung in den\u00a0Fachbereichen (16 Stunden\/Woche) Vorbereitung auf die Berufsreifepr\u00fcfungAlle Unterrichtsf\u00e4cher orientieren sich an der Berufs-&#8230; <a class=\"more-link\" href=\"https:\/\/ptswaidhofen-thaya.ac.at\/index.php\/das-sind-wir\/\">Weiterlesen &rarr;<\/a><\/p>\n","protected":false},"author":1,"featured_media":0,"parent":0,"menu_order":0,"comment_status":"closed","ping_status":"closed","template":"template-fullwidth.php","meta":{"footnotes":""},"class_list":["post-57","page","type-page","status-publish","hentry"],"_links":{"self":[{"href":"https:\/\/ptswaidhofen-thaya.ac.at\/index.php\/wp-json\/wp\/v2\/pages\/57","targetHints":{"allow":["GET"]}}],"collection":[{"href":"https:\/\/ptswaidhofen-thaya.ac.at\/index.php\/wp-json\/wp\/v2\/pages"}],"about":[{"href":"https:\/\/ptswaidhofen-thaya.ac.at\/index.php\/wp-json\/wp\/v2\/types\/page"}],"author":[{"embeddable":true,"href":"https:\/\/ptswaidhofen-thaya.ac.at\/index.php\/wp-json\/wp\/v2\/users\/1"}],"replies":[{"embeddable":true,"href":"https:\/\/ptswaidhofen-thaya.ac.at\/index.php\/wp-json\/wp\/v2\/comments?post=57"}],"version-history":[{"count":2,"href":"https:\/\/ptswaidhofen-thaya.ac.at\/index.php\/wp-json\/wp\/v2\/pages\/57\/revisions"}],"predecessor-version":[{"id":109,"href":"https:\/\/ptswaidhofen-thaya.ac.at\/index.php\/wp-json\/wp\/v2\/pages\/57\/revisions\/109"}],"wp:attachment":[{"href":"https:\/\/ptswaidhofen-thaya.ac.at\/index.php\/wp-json\/wp\/v2\/media?parent=57"}],"curies":[{"name":"wp","href":"https:\/\/api.w.org\/{rel}","templated":true}]}}