{"id":257,"date":"2023-03-30T19:18:22","date_gmt":"2023-03-30T17:18:22","guid":{"rendered":"https:\/\/ptswaidhofen-thaya.ac.at\/?page_id=257"},"modified":"2023-03-30T19:22:15","modified_gmt":"2023-03-30T17:22:15","slug":"handel-buero","status":"publish","type":"page","link":"https:\/\/ptswaidhofen-thaya.ac.at\/index.php\/handel-buero\/","title":{"rendered":"Handel\/B\u00fcro"},"content":{"rendered":"\n<p>Die Stundentafel f\u00fcr den Fachbereich Handel \/ B\u00fcro setzt sich wie folgt zusammen\u2026<\/p>\n\n\n\n<figure class=\"wp-block-table\"><table><tbody><tr><td><strong>Unterrichtsgegenstand<\/strong><\/td><td><strong>Stundenanzahl<\/strong><\/td><\/tr><tr><td>Informatik<\/td><td>2<\/td><\/tr><tr><td>Betriebswirtschaftliche Grundlagen<\/td><td>2<\/td><\/tr><tr><td>Buchf\u00fchrung und Wirtschaftsrechnen<\/td><td>3<\/td><\/tr><tr><td>Fachkunde<\/td><td>1<\/td><\/tr><tr><td>Fachpraxis<\/td><td>4<\/td><\/tr><\/tbody><\/table><\/figure>\n\n\n\n<p>Folgende Berufe z\u00e4hlen zum Fachbereich Handel \/ B\u00fcro:<\/p>\n\n\n\n<figure class=\"wp-block-table\"><table><tbody><tr><td>Buchh\u00e4ndlerIn<br>B\u00fcrokaufmann\/frau<br>DrogistIn<br>Einzelhandelskaufmann\/frau<br>Gro\u00dfhandelskaufmann\/frau<br>Industriekaufmann\/frau<\/td><td>Musikalienh\u00e4ndlerIn<br>Pharmazeutisch-kaufm\u00e4nnische(r) \u2013 AssistentIn<br>Reiseb\u00fcroassistentIn<br>Speditionskaufmann\/frau<br>Versicherungskaufmann\/frau<br>Waffen- und Munitionsh\u00e4ndlerIn<\/td><\/tr><\/tbody><\/table><\/figure>\n","protected":false},"excerpt":{"rendered":"<p>Die Stundentafel f\u00fcr den Fachbereich Handel \/ B\u00fcro setzt sich wie folgt zusammen\u2026 Unterrichtsgegenstand Stundenanzahl Informatik 2 Betriebswirtschaftliche Grundlagen 2 Buchf\u00fchrung und Wirtschaftsrechnen 3 Fachkunde 1 Fachpraxis 4 Folgende Berufe z\u00e4hlen zum Fachbereich Handel \/ B\u00fcro: Buchh\u00e4ndlerInB\u00fcrokaufmann\/frauDrogistInEinzelhandelskaufmann\/frauGro\u00dfhandelskaufmann\/frauIndustriekaufmann\/frau Musikalienh\u00e4ndlerInPharmazeutisch-kaufm\u00e4nnische(r) \u2013 AssistentInReiseb\u00fcroassistentInSpeditionskaufmann\/frauVersicherungskaufmann\/frauWaffen-&#8230; <a class=\"more-link\" href=\"https:\/\/ptswaidhofen-thaya.ac.at\/index.php\/handel-buero\/\">Weiterlesen &rarr;<\/a><\/p>\n","protected":false},"author":1,"featured_media":0,"parent":0,"menu_order":0,"comment_status":"closed","ping_status":"closed","template":"template-fullwidth.php","meta":{"footnotes":""},"class_list":["post-257","page","type-page","status-publish","hentry"],"_links":{"self":[{"href":"https:\/\/ptswaidhofen-thaya.ac.at\/index.php\/wp-json\/wp\/v2\/pages\/257","targetHints":{"allow":["GET"]}}],"collection":[{"href":"https:\/\/ptswaidhofen-thaya.ac.at\/index.php\/wp-json\/wp\/v2\/pages"}],"about":[{"href":"https:\/\/ptswaidhofen-thaya.ac.at\/index.php\/wp-json\/wp\/v2\/types\/page"}],"author":[{"embeddable":true,"href":"https:\/\/ptswaidhofen-thaya.ac.at\/index.php\/wp-json\/wp\/v2\/users\/1"}],"replies":[{"embeddable":true,"href":"https:\/\/ptswaidhofen-thaya.ac.at\/index.php\/wp-json\/wp\/v2\/comments?post=257"}],"version-history":[{"count":2,"href":"https:\/\/ptswaidhofen-thaya.ac.at\/index.php\/wp-json\/wp\/v2\/pages\/257\/revisions"}],"predecessor-version":[{"id":264,"href":"https:\/\/ptswaidhofen-thaya.ac.at\/index.php\/wp-json\/wp\/v2\/pages\/257\/revisions\/264"}],"wp:attachment":[{"href":"https:\/\/ptswaidhofen-thaya.ac.at\/index.php\/wp-json\/wp\/v2\/media?parent=257"}],"curies":[{"name":"wp","href":"https:\/\/api.w.org\/{rel}","templated":true}]}}