{"id":102,"date":"2023-03-30T11:06:09","date_gmt":"2023-03-30T09:06:09","guid":{"rendered":"https:\/\/ptswaidhofen-thaya.ac.at\/?page_id=102"},"modified":"2023-04-01T08:21:09","modified_gmt":"2023-04-01T06:21:09","slug":"datenschutzverordnung-dsgvo","status":"publish","type":"page","link":"https:\/\/ptswaidhofen-thaya.ac.at\/index.php\/datenschutzverordnung-dsgvo\/","title":{"rendered":"Datenschutzverordnung \u2013 DSGVO"},"content":{"rendered":"\n<p>Die&nbsp;Datenschutzgrundverordnung&nbsp;\u2013 DSGVO sieht ua.&nbsp;<strong>Informationspflichten<\/strong>&nbsp;vor.<\/p>\n\n\n\n<p>Um&nbsp;diesen, als datenschutzrechtlich Verantwortliche&nbsp;gem\u00e4\u00df&nbsp;&nbsp;Art 12 ff DSGVO, nachzukommen&nbsp;finden Sie unten den Link zu den&nbsp;Datenschutzinformationen.<\/p>\n\n\n\n<p class=\"has-text-align-center has-black-color has-light-gray-background-color has-text-color has-background\"><strong><mark style=\"background-color:rgba(0, 0, 0, 0)\" class=\"has-inline-color has-white-color\">&nbsp;<a rel=\"noreferrer noopener\" href=\"https:\/\/bildung.bmbwf.gv.at\/datenschutz\" target=\"_blank\">Datenschutzgrundverordnung ansehen<\/a><\/mark><\/strong><\/p>\n\n\n\n<p>Die aktuelle Weisung des LSRfN\u00f6 besagt, dass Fotos auf denen Sch\u00fcler zu sehen sind nur mit deren Zustimmung und<strong>&nbsp;nur w\u00e4hrend der Zeit des Schulbesuches<\/strong>&nbsp;auf der Schul-Homepage ver\u00f6ffentlicht werden d\u00fcrfen.&nbsp;&nbsp;<\/p>\n\n\n\n<p class=\"has-text-align-center has-accent-background-color has-background has-larger-font-size\"><strong>Aus diesem Grund sind wir leider dazu gezwungen alle Beitr\u00e4ge vergangener Schuljahre zu entfernen.<\/strong><\/p>\n","protected":false},"excerpt":{"rendered":"<p>Die&nbsp;Datenschutzgrundverordnung&nbsp;\u2013 DSGVO sieht ua.&nbsp;Informationspflichten&nbsp;vor. Um&nbsp;diesen, als datenschutzrechtlich Verantwortliche&nbsp;gem\u00e4\u00df&nbsp;&nbsp;Art 12 ff DSGVO, nachzukommen&nbsp;finden Sie unten den Link zu den&nbsp;Datenschutzinformationen. &nbsp;Datenschutzgrundverordnung ansehen Die aktuelle Weisung des LSRfN\u00f6 besagt, dass Fotos auf denen Sch\u00fcler zu sehen sind nur mit deren Zustimmung und&nbsp;nur w\u00e4hrend&#8230; <a class=\"more-link\" href=\"https:\/\/ptswaidhofen-thaya.ac.at\/index.php\/datenschutzverordnung-dsgvo\/\">Weiterlesen &rarr;<\/a><\/p>\n","protected":false},"author":1,"featured_media":0,"parent":0,"menu_order":0,"comment_status":"closed","ping_status":"closed","template":"template-fullwidth.php","meta":{"footnotes":""},"class_list":["post-102","page","type-page","status-publish","hentry"],"_links":{"self":[{"href":"https:\/\/ptswaidhofen-thaya.ac.at\/index.php\/wp-json\/wp\/v2\/pages\/102","targetHints":{"allow":["GET"]}}],"collection":[{"href":"https:\/\/ptswaidhofen-thaya.ac.at\/index.php\/wp-json\/wp\/v2\/pages"}],"about":[{"href":"https:\/\/ptswaidhofen-thaya.ac.at\/index.php\/wp-json\/wp\/v2\/types\/page"}],"author":[{"embeddable":true,"href":"https:\/\/ptswaidhofen-thaya.ac.at\/index.php\/wp-json\/wp\/v2\/users\/1"}],"replies":[{"embeddable":true,"href":"https:\/\/ptswaidhofen-thaya.ac.at\/index.php\/wp-json\/wp\/v2\/comments?post=102"}],"version-history":[{"count":6,"href":"https:\/\/ptswaidhofen-thaya.ac.at\/index.php\/wp-json\/wp\/v2\/pages\/102\/revisions"}],"predecessor-version":[{"id":693,"href":"https:\/\/ptswaidhofen-thaya.ac.at\/index.php\/wp-json\/wp\/v2\/pages\/102\/revisions\/693"}],"wp:attachment":[{"href":"https:\/\/ptswaidhofen-thaya.ac.at\/index.php\/wp-json\/wp\/v2\/media?parent=102"}],"curies":[{"name":"wp","href":"https:\/\/api.w.org\/{rel}","templated":true}]}}